{"id":647,"date":"2022-08-22T16:26:06","date_gmt":"2022-08-22T14:26:06","guid":{"rendered":"https:\/\/mediqpol.pl\/rodo\/"},"modified":"2022-11-03T12:47:09","modified_gmt":"2022-11-03T11:47:09","slug":"rodo","status":"publish","type":"page","link":"https:\/\/mediqpol.pl\/de\/pacjent\/rodo\/","title":{"rendered":"RODO"},"content":{"rendered":"<h2>POLITYKA OCHRONY DANYCH OSOBOWYCH<\/h2>\n<h5>Drodzy Pacjenci!<\/h5>\n<p>Przetwarzamy Pa\u0144stwa dane osobowe zgodnie z przepisami Rozporz\u0105dzenia Parlamentu Europejskiego i Rady (UE) 2016\/679 z dnia 27 kwietnia 2016 r. w sprawie ochrony os\u00f3b fizycznych w zwi\u0105zku z przetwarzaniem danych osobowych i w sprawie swobodnego przep\u0142ywu takich danych oraz uchylenia dyrektywy 95\/46\/WE (og\u00f3lne rozporz\u0105dzenie o ochronie danych), zwanego popularnie ?RODO?.<\/p>\n<p><\/p>\n<h5>1. Kto jest administratorem moich danych?<\/h5>\n<p>Je\u017celi jeste\u015b lub zamierzasz by\u0107 naszym Pacjentem, administratorem Twoich danych jest Mediqpol Sp. z o.o. z siedzib\u0105 ul. Giz\u00f3w 6, 01-249 Warszawa, Centrum Terapii Chor\u00f3b Przewlek\u0142ych ? ul. Gawron\u00f3w 4, 40-527 Katowice, zwany dalej ?Mediqpol?.<\/p>\n<p><\/p>\n<h5>2. Z kim mog\u0119 si\u0119 skontaktowa\u0107 w kwestiach dotycz\u0105cych przetwarzania moich danych osobowych?<\/h5>\n<p>We wszelkich sprawa zwi\u0105zanych z przetwarzaniem Twoich danych osobowych przez Mediqpol mo\u017cesz skontaktowa\u0107 si\u0119 z naszym inspektorem ochrony danych: Dian\u0105 Boryczk\u0105 pod adresem e-mail: kontakt@@mediqpol.pl lub pod nr tel. 517&nbsp;725 745.<\/p>\n<p><\/p>\n<h5>3. W jaki spos\u00f3b pozyskujemy Twoje dane osobowe?<\/h5>\n<p>W wi\u0119kszo\u015bci przypadk\u00f3w swoje danych podajesz nam sam, wzgl\u0119dnie podaje je bliska osoba, kt\u00f3ra rejestruje Ci\u0119 na wizyt\u0119 w naszej plac\u00f3wce. Poza tym, je\u017celi rejestrujesz si\u0119 z portalu Znany Lekarz, to dane pozyskujemy z tego portalu. Ponadto przy pobraniu pr\u00f3bek do bada\u0144 w czasie wizyty, ich wyniki pozyskujemy od wsp\u00f3\u0142pracuj\u0105cych jednostek s\u0142u\u017cby zdrowia np. laboratori\u00f3w analitycznych.<\/p>\n<p><\/p>\n<h5>4. Czy podanie danych jest moim obowi\u0105zkiem?<\/h5>\n<p>Podanie danych jest dobrowolne, jednak w wielu przypadkach stanowi warunek niezb\u0119dny do realizacji obowi\u0105zk\u00f3w, kt\u00f3re na Mediqpol nak\u0142adaj\u0105 przepisy prawa. Jako podmiot leczniczy jeste\u015bmy zobowi\u0105zani do prowadzenia dokumentacji medycznej, w tym do ustalenia to\u017csamo\u015bci Pacjenta. Dlatego niepodanie danych mo\u017ce skutkowa\u0107 odmow\u0105 rezerwacji wizyty czy udzielenia \u015bwiadczenia zdrowotnego, ale tak\u017ce niemo\u017cno\u015bci\u0105 wystawienia dokument\u00f3w rachunkowych lub finansowych. Odmowa podania numeru telefonu i adresu e-mail nie uniemo\u017cliwi udzielenia \u015bwiadczenia zdrowotnego, jednak nie otrzymasz od nas potwierdzenia wizyty, nie b\u0119dziesz mia\u0142 mo\u017cliwo\u015bci odwo\u0142ania jej poprzez np. SMS, a tak\u017ce nie b\u0119dziemy mogli wys\u0142a\u0107 drog\u0105 elektroniczn\u0105 historii wizyt, wynik\u00f3w bada\u0144 czy dokument\u00f3w ksi\u0119gowych.<\/p>\n<p><\/p>\n<h5>5. Jaki jest zakres przetwarzanych przez Mediqpol moich danych osobowych?<\/h5>\n<p>Do prowadzenia dokumentacji medycznej wykorzystujemy:<\/p>\n<ul>\n<li>imi\u0119 i nazwisko,<\/li>\n<li>nr PESEL lub w przypadku jego nieposiadania ? dat\u0119 urodzenia,<\/li>\n<li>w przypadku rejestracji osoby niepe\u0142noletniej ? danych prawnego opiekuna,<\/li>\n<li>dane dotycz\u0105ce stanu zdrowia oraz s\u0142u\u017c\u0105ce do postawienia diagnozy i przeprowadzenia procesu leczenia.<\/li>\n<\/ul>\n<p>Dodatkowo przetwarzamy dane kontaktowe, mi\u0119dzy innymi: adres zamieszkania, numer telefonu, adres e-mail.<\/p>\n<p><\/p>\n<h5>6. Jaki jest cel i podstawa prawna przetwarzania moich danych osobowych?<\/h5>\n<p>G\u0142\u00f3wnym celem przetwarzania danych osobowych jest mo\u017cliwo\u015b\u0107 \u015bwiadczenia us\u0142ug medycznych oraz spe\u0142nienia obowi\u0105zk\u00f3w, na\u0142o\u017conych przez przepisy prawa.<\/p>\n\n\n<figure class=\"wp-block-table\"><table><tbody><tr><td class=\"has-text-align-left\" data-align=\"left\">Cel przetwarzania danych<\/td><td>Podstawa prawna przetwarzania danych<\/td><\/tr><tr><td class=\"has-text-align-left\" data-align=\"left\">Ustalenie to\u017csamo\u015bci Pacjenta przed udzieleniem \u015bwiadczenia, medycznego<\/td><td>Zgoda Pacjenta, czyli przepisy art. 6 ust. 1 lit a) i art. 9 ust. 2 lit. a) RODO,<\/td><\/tr><tr><td class=\"has-text-align-left\" data-align=\"left\">Prowadzenie i przechowywanie dokumentacji medycznej<\/td><td>Obowi\u0105zek prawny ci\u0105\u017c\u0105cy na Mediqpol jako na administratorze, wynikaj\u0105cy z przepis\u00f3w Ustawy z dnia 6 listopada 2008 r. o prawach pacjenta i Rzeczniku Praw Pacjenta, a zatem art. 6 ust. 1 lit c) i art. 9 ust. 2 lit. h) RODO,<\/td><\/tr><tr><td class=\"has-text-align-left\" data-align=\"left\">Realizacja praw pacjenta, w tym prawa do wyznaczenia osoby upowa\u017cnionej do udost\u0119pnienia dokumentacji medycznej lub\/i informowania o stanie zdrowia<\/td><td>Obowi\u0105zek prawny ci\u0105\u017c\u0105cy na Mediqpol jako na administratorze, wynikaj\u0105cy z przepis\u00f3w Ustawy z dnia 6 listopada 2008 r. o prawach pacjenta i Rzeczniku Praw Pacjenta, a zatem art. 6 ust. 1 lit c) i art. 9 ust. 2 lit. h) RODO,<\/td><\/tr><tr><td class=\"has-text-align-left\" data-align=\"left\">Potwierdzanie rezerwacji b\u0105d\u017a odwo\u0142anie terminu konsultacji lekarskiej, przypominanie o zarezerwowanej konsultacji, informowanie o konieczno\u015bci przygotowania si\u0119 do um\u00f3wionego zabiegu lub mo\u017cliwo\u015bci odbioru wyniku bada\u0144<\/td><td>Zgoda Pacjenta, czyli przepisy art. 6 ust. 1 lit a) i art. 9 ust. 2 lit. a) RODO,<\/td><\/tr><tr><td class=\"has-text-align-left\" data-align=\"left\">Zapewnienie bezpiecze\u0144stwa os\u00f3b i mienia z wykorzystywaniem monitoringu wizyjnego, rejestruj\u0105cego wizerunek w siedzibie Mediqpol, co stanowi prawnie uzasadniony interes przetwarzania danych<\/td><td>Uzasadniony prawnie interes administratora polegaj\u0105cy na prawie do zapewnienia bezpiecze\u0144stwa os\u00f3b i mienia ? art. 6 ust. 1 lit f) RODO<\/td><\/tr><tr><td class=\"has-text-align-left\" data-align=\"left\">Prowadzenie ksi\u0105g rachunkowych i dokument\u00f3w podatkowych<\/td><td>Obowi\u0105zek prawny ci\u0105\u017c\u0105cy na Mediqpol jako na administratorze, wynikaj\u0105cy z przepis\u00f3w podatkowych i rachunkowych, a zatem art. 6 ust. 1 lit c) RODO<\/td><\/tr><tr><td class=\"has-text-align-left\" data-align=\"left\">Dochodzenie roszcze\u0144 z tytu\u0142u prowadzonej przez nas dzia\u0142alno\u015bci gospodarczej, co stanowi prawnie uzasadniony interes przetwarzania danych<\/td><td>Uzasadniony prawnie interes administratora polegaj\u0105cy na prawie do dochodzenia roszcze\u0144 z tytu\u0142u prowadzonej przez nas dzia\u0142alno\u015bci gospodarczej oraz obrony przed ewentualnymi roszczeniami ? art. 6 ust. 1 lit f) RODO<\/td><\/tr><\/tbody><\/table><\/figure>\n\n\n<h5>7. Komu przekazywane s\u0105 moje dane osobowe?<\/h5>\n<p>Jako podmiot leczniczy zapewniamy poufno\u015b\u0107 danych Pacjent\u00f3w. Udost\u0119pnianie danych Pacjent\u00f3w innym podmiotom upowa\u017cnionym b\u0105d\u017a te\u017c \u015bwiadcz\u0105cym na rzecz Mediqpol us\u0142ugi w zakresie wsparcia merytorycznego, informatycznego czy prawnego, odbywa si\u0119 wy\u0142\u0105cznie w przypadkach przewidzianych w obowi\u0105zuj\u0105cych przepisach prawa, przy zachowaniu pe\u0142nych zasad bezpiecze\u0144stwa. Twoje dane osobowe mog\u0105 by\u0107 przekazywane:<\/p>\n<ul>\n<li>innym podmiotom leczniczym, wsp\u00f3\u0142pracuj\u0105cym z Mediqpol w celu zapewnienia ci\u0105g\u0142o\u015bci leczenia oraz dost\u0119pno\u015bci opieki zdrowotnej, w szczeg\u00f3lno\u015bci w celu przeprowadzenia bada\u0144 specjalistycznych,<\/li>\n<li>dostawcom us\u0142ug zaopatruj\u0105cych Mediqpol w rozwi\u0105zania techniczne oraz organizacyjne, umo\u017cliwiaj\u0105ce udzielanie przez nas \u015bwiadcze\u0144 zdrowotnych oraz zarz\u0105dzanie nasz\u0105 organizacj\u0105 (w<\/li>\n<li>szczeg\u00f3lno\u015bci dostawcom us\u0142ug teleinformatycznych, firmom kurierskim i pocztowym),<\/li>\n<li>osobom upowa\u017cnionym w ramach realizacji praw pacjenta np. w celu zasi\u0119gania informacji o stanie zdrowia lub odbioru dokumentacji medycznej,<\/li>\n<li>dostawcom us\u0142ug prawnych i doradczych oraz wspieraj\u0105cych Mediqpol w dochodzeniu nale\u017cnych roszcze\u0144 (w szczeg\u00f3lno\u015bci kancelariom prawnym, firmom windykacyjnym).<\/li>\n<\/ul>\n<h5>8. Czy moje dane s\u0105 przekazywane poza Uni\u0119 Europejsk\u0105?<\/h5>\n<p>Nie przewidujemy przekazywania danych osobowych Pacjent\u00f3w do podmiot\u00f3w maj\u0105cych siedzib\u0119 poza Uni\u0105 Europejsk\u0105.<\/p>\n<p><\/p>\n<h5>9. Czy moje dane przetwarzane s\u0105 w spos\u00f3b zautomatyzowany lub wykorzystuj\u0105cy profilowanie?<\/h5>\n<p>Dane osobowe Pacjent\u00f3w nie s\u0105 przetwarzane w spos\u00f3b zautomatyzowany. Ewentualne przetwarzanie danych przez profilowanie b\u0119dzie s\u0142u\u017cy\u0107 wy\u0142\u0105cznie analizom preferencji naszych Pacjent\u00f3w w celu dostosowywania naszych us\u0142ug i przygotowywania indywidualnych ofert i informacji.<\/p>\n<p><\/p>\n<h5>10. Przez jaki czas przetwarzane s\u0105 moje dane osobowe?<\/h5>\n<p>Je\u017celi jeste\u015b naszym Pacjentem, dokumentacj\u0119 medyczn\u0105 mamy obowi\u0105zek przechowywania co najmniej przez okres 20 lat od dnia dokonania w niej ostatniego wpisu. Je\u017celi dane by\u0142y przez nas przetwarzane w celu dochodzenia roszcze\u0144 (np. w post\u0119powaniach windykacyjnych), b\u0119d\u0105 przechowywane przez okres przedawnienia roszcze\u0144, wynikaj\u0105cy z przepis\u00f3w kodeksu cywilnego. Wszelkie dane na potrzeby rachunkowo\u015bci i ze wzgl\u0119d\u00f3w podatkowych przetwarzamy do czasu przedawnienia zobowi\u0105za\u0144 podatkowych, co oznacza zasadniczo 5 lat liczonych od ko\u0144ca roku kalendarzowego, w kt\u00f3rym udzielili\u015bmy ostatniej us\u0142ugi medycznej.<\/p>\n<p><\/p>\n<h5>11. Jakie mam prawa w zwi\u0105zku z przetwarzaniem moich danych osobowych?<\/h5>\n<p>Mediqpol, jako administrator danych osobowych, zapewnia Pacjentom prawo do:<\/p>\n<ul>\n<li>dost\u0119pu do danych,<\/li>\n<li>sprostowania nieprawid\u0142owo\u015bci,<\/li>\n<li>\u017c\u0105dania usuni\u0119cia danych,<\/li>\n<li>ograniczenia przetwarzania danych,<\/li>\n<li>przenoszenia danych.<\/li>\n<\/ul>\n<p>Je\u017celi chcesz skorzysta\u0107 z kt\u00f3regokolwiek z tych uprawnie\u0144 ? skontaktuj si\u0119 z nami.<\/p>\n<p>Je\u017celi uwa\u017casz, \u017ce przetwarzanie Twoich danych osobowych narusza przepisy o ochronie danych osobowych, przys\u0142uguje Ci prawo wniesienia skargi do Prezesa Urz\u0119du Ochrony Danych Osobowych.<\/p>","protected":false},"excerpt":{"rendered":"<p>POLITYKA OCHRONY DANYCH OSOBOWYCH Drodzy Pacjenci! Przetwarzamy Pa\u0144stwa dane osobowe zgodnie z przepisami Rozporz\u0105dzenia Parlamentu Europejskiego i Rady (UE) 2016\/679 z dnia 27 kwietnia 2016 r. w sprawie ochrony os\u00f3b fizycznych w zwi\u0105zku z przetwarzaniem danych osobowych i w sprawie swobodnego przep\u0142ywu takich danych oraz uchylenia dyrektywy 95\/46\/WE (og\u00f3lne rozporz\u0105dzenie o ochronie danych), zwanego popularnie [&hellip;]<\/p>\n","protected":false},"author":1,"featured_media":0,"parent":695,"menu_order":0,"comment_status":"closed","ping_status":"closed","template":"","meta":{"_acf_changed":false,"inline_featured_image":false,"footnotes":""},"class_list":["post-647","page","type-page","status-publish","hentry"],"acf":[],"yoast_head":"<!-- This site is optimized with the Yoast SEO plugin v27.4 - https:\/\/yoast.com\/product\/yoast-seo-wordpress\/ -->\n<title>RODO - Mediqpol<\/title>\n<meta name=\"robots\" content=\"index, follow, max-snippet:-1, max-image-preview:large, max-video-preview:-1\" \/>\n<link rel=\"canonical\" href=\"https:\/\/mediqpol.pl\/de\/pacjent\/rodo\/\" \/>\n<meta property=\"og:locale\" content=\"de_DE\" \/>\n<meta property=\"og:type\" content=\"article\" \/>\n<meta property=\"og:title\" content=\"RODO - Mediqpol\" \/>\n<meta property=\"og:description\" content=\"POLITYKA OCHRONY DANYCH OSOBOWYCH Drodzy Pacjenci! Przetwarzamy Pa\u0144stwa dane osobowe zgodnie z przepisami Rozporz\u0105dzenia Parlamentu Europejskiego i Rady (UE) 2016\/679 z dnia 27 kwietnia 2016 r. w sprawie ochrony os\u00f3b fizycznych w zwi\u0105zku z przetwarzaniem danych osobowych i w sprawie swobodnego przep\u0142ywu takich danych oraz uchylenia dyrektywy 95\/46\/WE (og\u00f3lne rozporz\u0105dzenie o ochronie danych), zwanego popularnie [&hellip;]\" \/>\n<meta property=\"og:url\" content=\"https:\/\/mediqpol.pl\/de\/pacjent\/rodo\/\" \/>\n<meta property=\"og:site_name\" content=\"Mediqpol\" \/>\n<meta property=\"article:modified_time\" content=\"2022-11-03T11:47:09+00:00\" \/>\n<meta name=\"twitter:card\" content=\"summary_large_image\" \/>\n<meta name=\"twitter:label1\" content=\"Gesch\u00e4tzte Lesezeit\" \/>\n\t<meta name=\"twitter:data1\" content=\"6\u00a0Minuten\" \/>\n<!-- \/ Yoast SEO plugin. -->","yoast_head_json":{"title":"RODO - Mediqpol","robots":{"index":"index","follow":"follow","max-snippet":"max-snippet:-1","max-image-preview":"max-image-preview:large","max-video-preview":"max-video-preview:-1"},"canonical":"https:\/\/mediqpol.pl\/de\/pacjent\/rodo\/","og_locale":"de_DE","og_type":"article","og_title":"RODO - Mediqpol","og_description":"POLITYKA OCHRONY DANYCH OSOBOWYCH Drodzy Pacjenci! Przetwarzamy Pa\u0144stwa dane osobowe zgodnie z przepisami Rozporz\u0105dzenia Parlamentu Europejskiego i Rady (UE) 2016\/679 z dnia 27 kwietnia 2016 r. w sprawie ochrony os\u00f3b fizycznych w zwi\u0105zku z przetwarzaniem danych osobowych i w sprawie swobodnego przep\u0142ywu takich danych oraz uchylenia dyrektywy 95\/46\/WE (og\u00f3lne rozporz\u0105dzenie o ochronie danych), zwanego popularnie [&hellip;]","og_url":"https:\/\/mediqpol.pl\/de\/pacjent\/rodo\/","og_site_name":"Mediqpol","article_modified_time":"2022-11-03T11:47:09+00:00","twitter_card":"summary_large_image","twitter_misc":{"Gesch\u00e4tzte Lesezeit":"6\u00a0Minuten"},"schema":{"@context":"https:\/\/schema.org","@graph":[{"@type":"WebPage","@id":"https:\/\/mediqpol.pl\/de\/pacjent\/rodo\/","url":"https:\/\/mediqpol.pl\/de\/pacjent\/rodo\/","name":"RODO - Mediqpol","isPartOf":{"@id":"https:\/\/mediqpol.pl\/#website"},"datePublished":"2022-08-22T14:26:06+00:00","dateModified":"2022-11-03T11:47:09+00:00","breadcrumb":{"@id":"https:\/\/mediqpol.pl\/de\/pacjent\/rodo\/#breadcrumb"},"inLanguage":"de","potentialAction":[{"@type":"ReadAction","target":["https:\/\/mediqpol.pl\/de\/pacjent\/rodo\/"]}]},{"@type":"BreadcrumbList","@id":"https:\/\/mediqpol.pl\/de\/pacjent\/rodo\/#breadcrumb","itemListElement":[{"@type":"ListItem","position":1,"name":"Strona g\u0142\u00f3wna","item":"https:\/\/mediqpol.pl\/de\/"},{"@type":"ListItem","position":2,"name":"Pacjent","item":"https:\/\/mediqpol.pl\/de\/pacjent\/"},{"@type":"ListItem","position":3,"name":"RODO"}]},{"@type":"WebSite","@id":"https:\/\/mediqpol.pl\/#website","url":"https:\/\/mediqpol.pl\/","name":"Mediqpol","description":"\u00c4rztezentrum\n","publisher":{"@id":"https:\/\/mediqpol.pl\/#organization"},"potentialAction":[{"@type":"SearchAction","target":{"@type":"EntryPoint","urlTemplate":"https:\/\/mediqpol.pl\/?s={search_term_string}"},"query-input":{"@type":"PropertyValueSpecification","valueRequired":true,"valueName":"search_term_string"}}],"inLanguage":"de"},{"@type":"Organization","@id":"https:\/\/mediqpol.pl\/#organization","name":"Mediqpol","url":"https:\/\/mediqpol.pl\/","logo":{"@type":"ImageObject","inLanguage":"de","@id":"https:\/\/mediqpol.pl\/#\/schema\/logo\/image\/","url":"https:\/\/mediqpol.pl\/wp-content\/uploads\/2022\/09\/Mediqpol-logo-rozszerzone.png","contentUrl":"https:\/\/mediqpol.pl\/wp-content\/uploads\/2022\/09\/Mediqpol-logo-rozszerzone.png","width":1920,"height":1358,"caption":"Mediqpol"},"image":{"@id":"https:\/\/mediqpol.pl\/#\/schema\/logo\/image\/"}}]}},"_links":{"self":[{"href":"https:\/\/mediqpol.pl\/de\/wp-json\/wp\/v2\/pages\/647","targetHints":{"allow":["GET"]}}],"collection":[{"href":"https:\/\/mediqpol.pl\/de\/wp-json\/wp\/v2\/pages"}],"about":[{"href":"https:\/\/mediqpol.pl\/de\/wp-json\/wp\/v2\/types\/page"}],"author":[{"embeddable":true,"href":"https:\/\/mediqpol.pl\/de\/wp-json\/wp\/v2\/users\/1"}],"replies":[{"embeddable":true,"href":"https:\/\/mediqpol.pl\/de\/wp-json\/wp\/v2\/comments?post=647"}],"version-history":[{"count":0,"href":"https:\/\/mediqpol.pl\/de\/wp-json\/wp\/v2\/pages\/647\/revisions"}],"up":[{"embeddable":true,"href":"https:\/\/mediqpol.pl\/de\/wp-json\/wp\/v2\/pages\/695"}],"wp:attachment":[{"href":"https:\/\/mediqpol.pl\/de\/wp-json\/wp\/v2\/media?parent=647"}],"curies":[{"name":"wp","href":"https:\/\/api.w.org\/{rel}","templated":true}]}}