{"id":651,"date":"2022-08-22T15:28:51","date_gmt":"2022-08-22T13:28:51","guid":{"rendered":"https:\/\/mediqpol.pl\/pytanie-do-lekarza\/"},"modified":"2022-11-03T13:02:29","modified_gmt":"2022-11-03T12:02:29","slug":"pytanie-do-lekarza","status":"publish","type":"page","link":"https:\/\/mediqpol.pl\/de\/pacjent\/pytanie-do-lekarza\/","title":{"rendered":"Pytanie do lekarza"},"content":{"rendered":"\n<h2 class=\"wp-block-heading\">W jaki spos\u00f3b mog\u0119 zada\u0107 pytanie?<\/h2>\n\n\n\n<p>Wystarczy zadzwoni\u0107, napisa\u0107 do nas na adres <a href=\"mailto:kontakt@mediqpol.pl\">kontakt@mediqpol.pl<\/a> lub klikn\u0105\u0107 ikonk\u0119 czatu w prawym dolnym rogu, a nast\u0119pnie przekaza\u0107 tre\u015b\u0107 swojego pytania.<\/p>\n\n\n\n<h2 class=\"wp-block-heading\">Kto mo\u017ce zada\u0107 pytanie?<\/h2>\n\n\n\n<p>Mo\u017cliwo\u015b\u0107 zadania pytania maj\u0105 Pacjenci zarejestrowani w naszym Centrum.<\/p>\n\n\n\n<h2 class=\"wp-block-heading\">W jakim czasie lekarz odpowie na moje pytanie?<\/h2>\n\n\n\n<p>Staramy si\u0119 kontaktowa\u0107 z lekarzem od razu. Jednak nale\u017cy pami\u0119ta\u0107, i\u017c czasem do udzielenia odpowiedzi specjalista potrzebuje przeanalizowania dokumentacji medycznej, dost\u0119pnej w Centrum Medycznym Mediqpol. W\u00f3wczas prosimy o wi\u0119ksz\u0105 cierpliwo\u015b\u0107 ? odpowied\u017a na pytanie zostanie przekazana przy nast\u0119pnym dy\u017curze lekarza w gabinecie w Katowicach.<\/p>\n\n\n\n<h2 class=\"wp-block-heading\">Czy zadanie pytania jest p\u0142atne?<\/h2>\n\n\n\n<p>Zadanie pytania do lekarza poza konsultacj\u0105 jest bezp\u0142atne. Je\u015bli uzyskanie odpowiedzi poza konsultacj\u0105 nie b\u0119dzie mo\u017cliwe, zadzwonimy z zaproszeniem na wizyt\u0119 do gabinetu.<\/p>\n\n\n\n<h2 class=\"wp-block-heading\">Co zrobi\u0107, gdy nikt nie udzieli odpowiedzi na moje pytanie?<\/h2>\n\n\n\n<p>Je\u015bli pytanie zostanie zadane drog\u0105 telefoniczn\u0105, poinformujemy Ci\u0119 w trakcie rozmowy, kiedy lekarz b\u0119dzie dost\u0119pny. Je\u015bli napiszesz do nas wiadomo\u015b\u0107, potwierdzimy w odpowiedzi, \u017ce pytane do nas trafi\u0142o i podamy maksymalny czas oczekiwania na odpowied\u017a. \u017badnego pytania nie pozostawiamy bez odpowiedzi, dlatego na pewno j\u0105 otrzymasz.<\/p>\n","protected":false},"excerpt":{"rendered":"<p>W jaki spos\u00f3b mog\u0119 zada\u0107 pytanie? Wystarczy zadzwoni\u0107, napisa\u0107 do nas na adres kontakt@mediqpol.pl lub klikn\u0105\u0107 ikonk\u0119 czatu w prawym dolnym rogu, a nast\u0119pnie przekaza\u0107 tre\u015b\u0107 swojego pytania. Kto mo\u017ce zada\u0107 pytanie? Mo\u017cliwo\u015b\u0107 zadania pytania maj\u0105 Pacjenci zarejestrowani w naszym Centrum. W jakim czasie lekarz odpowie na moje pytanie? Staramy si\u0119 kontaktowa\u0107 z lekarzem od [&hellip;]<\/p>\n","protected":false},"author":1,"featured_media":0,"parent":695,"menu_order":0,"comment_status":"closed","ping_status":"closed","template":"template-pagewithtopblock.php","meta":{"_acf_changed":false,"inline_featured_image":false,"footnotes":""},"class_list":["post-651","page","type-page","status-publish","hentry"],"acf":[],"yoast_head":"<!-- This site is optimized with the Yoast SEO plugin v27.4 - https:\/\/yoast.com\/product\/yoast-seo-wordpress\/ -->\n<title>Pytanie do lekarza - Mediqpol<\/title>\n<meta name=\"robots\" content=\"index, follow, max-snippet:-1, max-image-preview:large, max-video-preview:-1\" \/>\n<link rel=\"canonical\" href=\"https:\/\/mediqpol.pl\/de\/pacjent\/pytanie-do-lekarza\/\" \/>\n<meta property=\"og:locale\" content=\"de_DE\" \/>\n<meta property=\"og:type\" content=\"article\" \/>\n<meta property=\"og:title\" content=\"Pytanie do lekarza - Mediqpol\" \/>\n<meta property=\"og:description\" content=\"W jaki spos\u00f3b mog\u0119 zada\u0107 pytanie? Wystarczy zadzwoni\u0107, napisa\u0107 do nas na adres kontakt@mediqpol.pl lub klikn\u0105\u0107 ikonk\u0119 czatu w prawym dolnym rogu, a nast\u0119pnie przekaza\u0107 tre\u015b\u0107 swojego pytania. Kto mo\u017ce zada\u0107 pytanie? Mo\u017cliwo\u015b\u0107 zadania pytania maj\u0105 Pacjenci zarejestrowani w naszym Centrum. W jakim czasie lekarz odpowie na moje pytanie? Staramy si\u0119 kontaktowa\u0107 z lekarzem od [&hellip;]\" \/>\n<meta property=\"og:url\" content=\"https:\/\/mediqpol.pl\/de\/pacjent\/pytanie-do-lekarza\/\" \/>\n<meta property=\"og:site_name\" content=\"Mediqpol\" \/>\n<meta property=\"article:modified_time\" content=\"2022-11-03T12:02:29+00:00\" \/>\n<meta name=\"twitter:card\" content=\"summary_large_image\" \/>\n<meta name=\"twitter:label1\" content=\"Gesch\u00e4tzte Lesezeit\" \/>\n\t<meta name=\"twitter:data1\" content=\"2\u00a0Minuten\" \/>\n<!-- \/ Yoast SEO plugin. -->","yoast_head_json":{"title":"Pytanie do lekarza - Mediqpol","robots":{"index":"index","follow":"follow","max-snippet":"max-snippet:-1","max-image-preview":"max-image-preview:large","max-video-preview":"max-video-preview:-1"},"canonical":"https:\/\/mediqpol.pl\/de\/pacjent\/pytanie-do-lekarza\/","og_locale":"de_DE","og_type":"article","og_title":"Pytanie do lekarza - Mediqpol","og_description":"W jaki spos\u00f3b mog\u0119 zada\u0107 pytanie? Wystarczy zadzwoni\u0107, napisa\u0107 do nas na adres kontakt@mediqpol.pl lub klikn\u0105\u0107 ikonk\u0119 czatu w prawym dolnym rogu, a nast\u0119pnie przekaza\u0107 tre\u015b\u0107 swojego pytania. Kto mo\u017ce zada\u0107 pytanie? Mo\u017cliwo\u015b\u0107 zadania pytania maj\u0105 Pacjenci zarejestrowani w naszym Centrum. W jakim czasie lekarz odpowie na moje pytanie? Staramy si\u0119 kontaktowa\u0107 z lekarzem od [&hellip;]","og_url":"https:\/\/mediqpol.pl\/de\/pacjent\/pytanie-do-lekarza\/","og_site_name":"Mediqpol","article_modified_time":"2022-11-03T12:02:29+00:00","twitter_card":"summary_large_image","twitter_misc":{"Gesch\u00e4tzte Lesezeit":"2\u00a0Minuten"},"schema":{"@context":"https:\/\/schema.org","@graph":[{"@type":"WebPage","@id":"https:\/\/mediqpol.pl\/de\/pacjent\/pytanie-do-lekarza\/","url":"https:\/\/mediqpol.pl\/de\/pacjent\/pytanie-do-lekarza\/","name":"Pytanie do lekarza - Mediqpol","isPartOf":{"@id":"https:\/\/mediqpol.pl\/#website"},"datePublished":"2022-08-22T13:28:51+00:00","dateModified":"2022-11-03T12:02:29+00:00","breadcrumb":{"@id":"https:\/\/mediqpol.pl\/de\/pacjent\/pytanie-do-lekarza\/#breadcrumb"},"inLanguage":"de","potentialAction":[{"@type":"ReadAction","target":["https:\/\/mediqpol.pl\/de\/pacjent\/pytanie-do-lekarza\/"]}]},{"@type":"BreadcrumbList","@id":"https:\/\/mediqpol.pl\/de\/pacjent\/pytanie-do-lekarza\/#breadcrumb","itemListElement":[{"@type":"ListItem","position":1,"name":"Strona g\u0142\u00f3wna","item":"https:\/\/mediqpol.pl\/de\/"},{"@type":"ListItem","position":2,"name":"Pacjent","item":"https:\/\/mediqpol.pl\/de\/pacjent\/"},{"@type":"ListItem","position":3,"name":"Pytanie do lekarza"}]},{"@type":"WebSite","@id":"https:\/\/mediqpol.pl\/#website","url":"https:\/\/mediqpol.pl\/","name":"Mediqpol","description":"\u00c4rztezentrum\n","publisher":{"@id":"https:\/\/mediqpol.pl\/#organization"},"potentialAction":[{"@type":"SearchAction","target":{"@type":"EntryPoint","urlTemplate":"https:\/\/mediqpol.pl\/?s={search_term_string}"},"query-input":{"@type":"PropertyValueSpecification","valueRequired":true,"valueName":"search_term_string"}}],"inLanguage":"de"},{"@type":"Organization","@id":"https:\/\/mediqpol.pl\/#organization","name":"Mediqpol","url":"https:\/\/mediqpol.pl\/","logo":{"@type":"ImageObject","inLanguage":"de","@id":"https:\/\/mediqpol.pl\/#\/schema\/logo\/image\/","url":"https:\/\/mediqpol.pl\/wp-content\/uploads\/2022\/09\/Mediqpol-logo-rozszerzone.png","contentUrl":"https:\/\/mediqpol.pl\/wp-content\/uploads\/2022\/09\/Mediqpol-logo-rozszerzone.png","width":1920,"height":1358,"caption":"Mediqpol"},"image":{"@id":"https:\/\/mediqpol.pl\/#\/schema\/logo\/image\/"}}]}},"_links":{"self":[{"href":"https:\/\/mediqpol.pl\/de\/wp-json\/wp\/v2\/pages\/651","targetHints":{"allow":["GET"]}}],"collection":[{"href":"https:\/\/mediqpol.pl\/de\/wp-json\/wp\/v2\/pages"}],"about":[{"href":"https:\/\/mediqpol.pl\/de\/wp-json\/wp\/v2\/types\/page"}],"author":[{"embeddable":true,"href":"https:\/\/mediqpol.pl\/de\/wp-json\/wp\/v2\/users\/1"}],"replies":[{"embeddable":true,"href":"https:\/\/mediqpol.pl\/de\/wp-json\/wp\/v2\/comments?post=651"}],"version-history":[{"count":0,"href":"https:\/\/mediqpol.pl\/de\/wp-json\/wp\/v2\/pages\/651\/revisions"}],"up":[{"embeddable":true,"href":"https:\/\/mediqpol.pl\/de\/wp-json\/wp\/v2\/pages\/695"}],"wp:attachment":[{"href":"https:\/\/mediqpol.pl\/de\/wp-json\/wp\/v2\/media?parent=651"}],"curies":[{"name":"wp","href":"https:\/\/api.w.org\/{rel}","templated":true}]}}