{"id":654,"date":"2022-08-22T14:27:01","date_gmt":"2022-08-22T12:27:01","guid":{"rendered":"https:\/\/mediqpol.pl\/telekonsultacje\/"},"modified":"2022-11-03T12:59:06","modified_gmt":"2022-11-03T11:59:06","slug":"telekonsultacje","status":"publish","type":"page","link":"https:\/\/mediqpol.pl\/de\/pacjent\/telekonsultacje\/","title":{"rendered":"Telekonsultacje"},"content":{"rendered":"\n<p><\/p>\n\n\n<p><\/p>\n<h2>Telekonsultacja ? zalety dla pacjenta<\/h2>\n<p>Odbywanie wizyt lekarskich w formie telekonsultacji to wiele korzy\u015bci dla pacjent\u00f3w:<\/p>\n<ul>\n<li>mo\u017cliwo\u015b\u0107 kontaktu z lekarzem bez konieczno\u015bci osobistej wizyty w plac\u00f3wce, co zapewnia oszcz\u0119dno\u015b\u0107 czasu i wygod\u0119,<\/li>\n<li>mo\u017cliwo\u015b\u0107 uzyskania wielu \u015bwiadcze\u0144 medycznych i dokument\u00f3w (rozmowa z lekarzem, porady zdrowotne, e-recepty, e-skierowania, e-zwolnienie lekarskie),<\/li>\n<li>dost\u0119p do lekarzy specjalist\u00f3w dla mieszka\u0144c\u00f3w ma\u0142ych miast oraz wsi nieskomunikowanych z wi\u0119kszymi o\u015brodkami miejskimi oraz z utrudnionym dost\u0119pem do \u015bwiadcze\u0144 zdrowotnych,<\/li>\n<li>wygodny kontakt z lekarzem dla os\u00f3b starszych, maj\u0105cych problemy z poruszaniem si\u0119, os\u00f3b chorych przewlekle, rodzic\u00f3w wychowuj\u0105cych ma\u0142e dzieci.<\/li>\n<\/ul>\n\n\n<p><\/p>\n","protected":false},"excerpt":{"rendered":"<p>Telekonsultacja ? zalety dla pacjenta Odbywanie wizyt lekarskich w formie telekonsultacji to wiele korzy\u015bci dla pacjent\u00f3w: mo\u017cliwo\u015b\u0107 kontaktu z lekarzem bez konieczno\u015bci osobistej wizyty w plac\u00f3wce, co zapewnia oszcz\u0119dno\u015b\u0107 czasu i wygod\u0119, mo\u017cliwo\u015b\u0107 uzyskania wielu \u015bwiadcze\u0144 medycznych i dokument\u00f3w (rozmowa z lekarzem, porady zdrowotne, e-recepty, e-skierowania, e-zwolnienie lekarskie), dost\u0119p do lekarzy specjalist\u00f3w dla mieszka\u0144c\u00f3w ma\u0142ych [&hellip;]<\/p>\n","protected":false},"author":1,"featured_media":0,"parent":695,"menu_order":0,"comment_status":"closed","ping_status":"closed","template":"template-telecontact.php","meta":{"_acf_changed":false,"inline_featured_image":false,"footnotes":""},"class_list":["post-654","page","type-page","status-publish","hentry"],"acf":[],"yoast_head":"<!-- This site is optimized with the Yoast SEO plugin v27.4 - https:\/\/yoast.com\/product\/yoast-seo-wordpress\/ -->\n<title>Telekonsultacje - Mediqpol<\/title>\n<meta name=\"robots\" content=\"index, follow, max-snippet:-1, max-image-preview:large, max-video-preview:-1\" \/>\n<link rel=\"canonical\" href=\"https:\/\/mediqpol.pl\/de\/pacjent\/telekonsultacje\/\" \/>\n<meta property=\"og:locale\" content=\"de_DE\" \/>\n<meta property=\"og:type\" content=\"article\" \/>\n<meta property=\"og:title\" content=\"Telekonsultacje - Mediqpol\" \/>\n<meta property=\"og:description\" content=\"Telekonsultacja ? zalety dla pacjenta Odbywanie wizyt lekarskich w formie telekonsultacji to wiele korzy\u015bci dla pacjent\u00f3w: mo\u017cliwo\u015b\u0107 kontaktu z lekarzem bez konieczno\u015bci osobistej wizyty w plac\u00f3wce, co zapewnia oszcz\u0119dno\u015b\u0107 czasu i wygod\u0119, mo\u017cliwo\u015b\u0107 uzyskania wielu \u015bwiadcze\u0144 medycznych i dokument\u00f3w (rozmowa z lekarzem, porady zdrowotne, e-recepty, e-skierowania, e-zwolnienie lekarskie), dost\u0119p do lekarzy specjalist\u00f3w dla mieszka\u0144c\u00f3w ma\u0142ych [&hellip;]\" \/>\n<meta property=\"og:url\" content=\"https:\/\/mediqpol.pl\/de\/pacjent\/telekonsultacje\/\" \/>\n<meta property=\"og:site_name\" content=\"Mediqpol\" \/>\n<meta property=\"article:modified_time\" content=\"2022-11-03T11:59:06+00:00\" \/>\n<meta name=\"twitter:card\" content=\"summary_large_image\" \/>\n<meta name=\"twitter:label1\" content=\"Gesch\u00e4tzte Lesezeit\" \/>\n\t<meta name=\"twitter:data1\" content=\"1\u00a0Minute\" \/>\n<!-- \/ Yoast SEO plugin. -->","yoast_head_json":{"title":"Telekonsultacje - Mediqpol","robots":{"index":"index","follow":"follow","max-snippet":"max-snippet:-1","max-image-preview":"max-image-preview:large","max-video-preview":"max-video-preview:-1"},"canonical":"https:\/\/mediqpol.pl\/de\/pacjent\/telekonsultacje\/","og_locale":"de_DE","og_type":"article","og_title":"Telekonsultacje - Mediqpol","og_description":"Telekonsultacja ? zalety dla pacjenta Odbywanie wizyt lekarskich w formie telekonsultacji to wiele korzy\u015bci dla pacjent\u00f3w: mo\u017cliwo\u015b\u0107 kontaktu z lekarzem bez konieczno\u015bci osobistej wizyty w plac\u00f3wce, co zapewnia oszcz\u0119dno\u015b\u0107 czasu i wygod\u0119, mo\u017cliwo\u015b\u0107 uzyskania wielu \u015bwiadcze\u0144 medycznych i dokument\u00f3w (rozmowa z lekarzem, porady zdrowotne, e-recepty, e-skierowania, e-zwolnienie lekarskie), dost\u0119p do lekarzy specjalist\u00f3w dla mieszka\u0144c\u00f3w ma\u0142ych [&hellip;]","og_url":"https:\/\/mediqpol.pl\/de\/pacjent\/telekonsultacje\/","og_site_name":"Mediqpol","article_modified_time":"2022-11-03T11:59:06+00:00","twitter_card":"summary_large_image","twitter_misc":{"Gesch\u00e4tzte Lesezeit":"1\u00a0Minute"},"schema":{"@context":"https:\/\/schema.org","@graph":[{"@type":"WebPage","@id":"https:\/\/mediqpol.pl\/de\/pacjent\/telekonsultacje\/","url":"https:\/\/mediqpol.pl\/de\/pacjent\/telekonsultacje\/","name":"Telekonsultacje - Mediqpol","isPartOf":{"@id":"https:\/\/mediqpol.pl\/#website"},"datePublished":"2022-08-22T12:27:01+00:00","dateModified":"2022-11-03T11:59:06+00:00","breadcrumb":{"@id":"https:\/\/mediqpol.pl\/de\/pacjent\/telekonsultacje\/#breadcrumb"},"inLanguage":"de","potentialAction":[{"@type":"ReadAction","target":["https:\/\/mediqpol.pl\/de\/pacjent\/telekonsultacje\/"]}]},{"@type":"BreadcrumbList","@id":"https:\/\/mediqpol.pl\/de\/pacjent\/telekonsultacje\/#breadcrumb","itemListElement":[{"@type":"ListItem","position":1,"name":"Strona g\u0142\u00f3wna","item":"https:\/\/mediqpol.pl\/de\/"},{"@type":"ListItem","position":2,"name":"Pacjent","item":"https:\/\/mediqpol.pl\/de\/pacjent\/"},{"@type":"ListItem","position":3,"name":"Telekonsultacje"}]},{"@type":"WebSite","@id":"https:\/\/mediqpol.pl\/#website","url":"https:\/\/mediqpol.pl\/","name":"Mediqpol","description":"\u00c4rztezentrum\n","publisher":{"@id":"https:\/\/mediqpol.pl\/#organization"},"potentialAction":[{"@type":"SearchAction","target":{"@type":"EntryPoint","urlTemplate":"https:\/\/mediqpol.pl\/?s={search_term_string}"},"query-input":{"@type":"PropertyValueSpecification","valueRequired":true,"valueName":"search_term_string"}}],"inLanguage":"de"},{"@type":"Organization","@id":"https:\/\/mediqpol.pl\/#organization","name":"Mediqpol","url":"https:\/\/mediqpol.pl\/","logo":{"@type":"ImageObject","inLanguage":"de","@id":"https:\/\/mediqpol.pl\/#\/schema\/logo\/image\/","url":"https:\/\/mediqpol.pl\/wp-content\/uploads\/2022\/09\/Mediqpol-logo-rozszerzone.png","contentUrl":"https:\/\/mediqpol.pl\/wp-content\/uploads\/2022\/09\/Mediqpol-logo-rozszerzone.png","width":1920,"height":1358,"caption":"Mediqpol"},"image":{"@id":"https:\/\/mediqpol.pl\/#\/schema\/logo\/image\/"}}]}},"_links":{"self":[{"href":"https:\/\/mediqpol.pl\/de\/wp-json\/wp\/v2\/pages\/654","targetHints":{"allow":["GET"]}}],"collection":[{"href":"https:\/\/mediqpol.pl\/de\/wp-json\/wp\/v2\/pages"}],"about":[{"href":"https:\/\/mediqpol.pl\/de\/wp-json\/wp\/v2\/types\/page"}],"author":[{"embeddable":true,"href":"https:\/\/mediqpol.pl\/de\/wp-json\/wp\/v2\/users\/1"}],"replies":[{"embeddable":true,"href":"https:\/\/mediqpol.pl\/de\/wp-json\/wp\/v2\/comments?post=654"}],"version-history":[{"count":0,"href":"https:\/\/mediqpol.pl\/de\/wp-json\/wp\/v2\/pages\/654\/revisions"}],"up":[{"embeddable":true,"href":"https:\/\/mediqpol.pl\/de\/wp-json\/wp\/v2\/pages\/695"}],"wp:attachment":[{"href":"https:\/\/mediqpol.pl\/de\/wp-json\/wp\/v2\/media?parent=654"}],"curies":[{"name":"wp","href":"https:\/\/api.w.org\/{rel}","templated":true}]}}