{"id":663,"date":"2022-08-22T09:29:16","date_gmt":"2022-08-22T07:29:16","guid":{"rendered":"https:\/\/mediqpol.pl\/badania\/"},"modified":"2025-07-01T16:40:26","modified_gmt":"2025-07-01T14:40:26","slug":"badania","status":"publish","type":"page","link":"https:\/\/mediqpol.pl\/de\/wszystkie-uslugi\/badania\/","title":{"rendered":"Badania"},"content":{"rendered":"\n<h2 class=\"wp-block-heading\">Jeste\u015bmy dost\u0119pni wtedy, kiedy tego potrzebujesz!<\/h2>\n\n\n\n<p>Przejd\u017a do <a href=\"https:\/\/mediqpol.pl\/de\/cennik\/\">cennika<\/a>, by zobaczy\u0107 szczeg\u00f3\u0142owy zakres oferowanych przez nas bada\u0144 (Katowice prywatnie)<span style=\"color: #ffffff;\">\u00a0<a class=\"wp-block-button__link has-background\" style=\"background-color: #54549c; color: #ffffff;\" href=\"https:\/\/mediqpol.pl\/de\/cennik\/\">Cennik<\/a><\/span><\/p>\n\n\n\n<p>Nie wiesz, jakie badania zrobi\u0107? Wystarczy, \u017ce do nas zadzwonisz lub um\u00f3wisz si\u0119 na konsultacj\u0119. Zapytamy Ci\u0119 o to, co Ci\u0119 niepokoi i wraz z lekarzem ustalisz najlepszy dla Ciebie wariant leczenia.<\/p>\n","protected":false},"excerpt":{"rendered":"<p>Jeste\u015bmy dost\u0119pni wtedy, kiedy tego potrzebujesz! Przejd\u017a do cennika, by zobaczy\u0107 szczeg\u00f3\u0142owy zakres oferowanych przez nas bada\u0144 (Katowice prywatnie)\u00a0Cennik Nie wiesz, jakie badania zrobi\u0107? Wystarczy, \u017ce do nas zadzwonisz lub um\u00f3wisz si\u0119 na konsultacj\u0119. Zapytamy Ci\u0119 o to, co Ci\u0119 niepokoi i wraz z lekarzem ustalisz najlepszy dla Ciebie wariant leczenia.<\/p>\n","protected":false},"author":1,"featured_media":0,"parent":705,"menu_order":0,"comment_status":"closed","ping_status":"closed","template":"template-services-exam.php","meta":{"_acf_changed":false,"inline_featured_image":false,"footnotes":""},"class_list":["post-663","page","type-page","status-publish","hentry"],"acf":[],"yoast_head":"<!-- This site is optimized with the Yoast SEO plugin v27.4 - https:\/\/yoast.com\/product\/yoast-seo-wordpress\/ -->\n<title>Badania - Mediqpol<\/title>\n<meta name=\"description\" content=\"W poradni w Katowicach badania wykonywane s\u0105 bez skierowania, a terminy oczekiwania ? s\u0105 kr\u00f3tkie. Um\u00f3w si\u0119 ju\u017c dzi\u015b!\" \/>\n<meta name=\"robots\" content=\"index, follow, max-snippet:-1, max-image-preview:large, max-video-preview:-1\" \/>\n<link rel=\"canonical\" href=\"https:\/\/mediqpol.pl\/de\/wszystkie-uslugi\/badania\/\" \/>\n<meta property=\"og:locale\" content=\"de_DE\" \/>\n<meta property=\"og:type\" content=\"article\" \/>\n<meta property=\"og:title\" content=\"Badania - Mediqpol\" \/>\n<meta property=\"og:description\" content=\"W poradni w Katowicach badania wykonywane s\u0105 bez skierowania, a terminy oczekiwania ? s\u0105 kr\u00f3tkie. Um\u00f3w si\u0119 ju\u017c dzi\u015b!\" \/>\n<meta property=\"og:url\" content=\"https:\/\/mediqpol.pl\/de\/wszystkie-uslugi\/badania\/\" \/>\n<meta property=\"og:site_name\" content=\"Mediqpol\" \/>\n<meta property=\"article:modified_time\" content=\"2025-07-01T14:40:26+00:00\" \/>\n<meta name=\"twitter:card\" content=\"summary_large_image\" \/>\n<meta name=\"twitter:label1\" content=\"Gesch\u00e4tzte Lesezeit\" \/>\n\t<meta name=\"twitter:data1\" content=\"1\u00a0Minute\" \/>\n<!-- \/ Yoast SEO plugin. -->","yoast_head_json":{"title":"Badania - Mediqpol","description":"W poradni w Katowicach badania wykonywane s\u0105 bez skierowania, a terminy oczekiwania ? s\u0105 kr\u00f3tkie. Um\u00f3w si\u0119 ju\u017c dzi\u015b!","robots":{"index":"index","follow":"follow","max-snippet":"max-snippet:-1","max-image-preview":"max-image-preview:large","max-video-preview":"max-video-preview:-1"},"canonical":"https:\/\/mediqpol.pl\/de\/wszystkie-uslugi\/badania\/","og_locale":"de_DE","og_type":"article","og_title":"Badania - Mediqpol","og_description":"W poradni w Katowicach badania wykonywane s\u0105 bez skierowania, a terminy oczekiwania ? s\u0105 kr\u00f3tkie. Um\u00f3w si\u0119 ju\u017c dzi\u015b!","og_url":"https:\/\/mediqpol.pl\/de\/wszystkie-uslugi\/badania\/","og_site_name":"Mediqpol","article_modified_time":"2025-07-01T14:40:26+00:00","twitter_card":"summary_large_image","twitter_misc":{"Gesch\u00e4tzte Lesezeit":"1\u00a0Minute"},"schema":{"@context":"https:\/\/schema.org","@graph":[{"@type":"WebPage","@id":"https:\/\/mediqpol.pl\/de\/wszystkie-uslugi\/badania\/","url":"https:\/\/mediqpol.pl\/de\/wszystkie-uslugi\/badania\/","name":"Badania - Mediqpol","isPartOf":{"@id":"https:\/\/mediqpol.pl\/#website"},"datePublished":"2022-08-22T07:29:16+00:00","dateModified":"2025-07-01T14:40:26+00:00","description":"W poradni w Katowicach badania wykonywane s\u0105 bez skierowania, a terminy oczekiwania ? s\u0105 kr\u00f3tkie. Um\u00f3w si\u0119 ju\u017c dzi\u015b!","breadcrumb":{"@id":"https:\/\/mediqpol.pl\/de\/wszystkie-uslugi\/badania\/#breadcrumb"},"inLanguage":"de","potentialAction":[{"@type":"ReadAction","target":["https:\/\/mediqpol.pl\/de\/wszystkie-uslugi\/badania\/"]}]},{"@type":"BreadcrumbList","@id":"https:\/\/mediqpol.pl\/de\/wszystkie-uslugi\/badania\/#breadcrumb","itemListElement":[{"@type":"ListItem","position":1,"name":"Strona g\u0142\u00f3wna","item":"https:\/\/mediqpol.pl\/de\/"},{"@type":"ListItem","position":2,"name":"Us\u0142ugi","item":"https:\/\/mediqpol.pl\/de\/wszystkie-uslugi\/"},{"@type":"ListItem","position":3,"name":"Badania"}]},{"@type":"WebSite","@id":"https:\/\/mediqpol.pl\/#website","url":"https:\/\/mediqpol.pl\/","name":"Mediqpol","description":"\u00c4rztezentrum\n","publisher":{"@id":"https:\/\/mediqpol.pl\/#organization"},"potentialAction":[{"@type":"SearchAction","target":{"@type":"EntryPoint","urlTemplate":"https:\/\/mediqpol.pl\/?s={search_term_string}"},"query-input":{"@type":"PropertyValueSpecification","valueRequired":true,"valueName":"search_term_string"}}],"inLanguage":"de"},{"@type":"Organization","@id":"https:\/\/mediqpol.pl\/#organization","name":"Mediqpol","url":"https:\/\/mediqpol.pl\/","logo":{"@type":"ImageObject","inLanguage":"de","@id":"https:\/\/mediqpol.pl\/#\/schema\/logo\/image\/","url":"https:\/\/mediqpol.pl\/wp-content\/uploads\/2022\/09\/Mediqpol-logo-rozszerzone.png","contentUrl":"https:\/\/mediqpol.pl\/wp-content\/uploads\/2022\/09\/Mediqpol-logo-rozszerzone.png","width":1920,"height":1358,"caption":"Mediqpol"},"image":{"@id":"https:\/\/mediqpol.pl\/#\/schema\/logo\/image\/"}}]}},"_links":{"self":[{"href":"https:\/\/mediqpol.pl\/de\/wp-json\/wp\/v2\/pages\/663","targetHints":{"allow":["GET"]}}],"collection":[{"href":"https:\/\/mediqpol.pl\/de\/wp-json\/wp\/v2\/pages"}],"about":[{"href":"https:\/\/mediqpol.pl\/de\/wp-json\/wp\/v2\/types\/page"}],"author":[{"embeddable":true,"href":"https:\/\/mediqpol.pl\/de\/wp-json\/wp\/v2\/users\/1"}],"replies":[{"embeddable":true,"href":"https:\/\/mediqpol.pl\/de\/wp-json\/wp\/v2\/comments?post=663"}],"version-history":[{"count":0,"href":"https:\/\/mediqpol.pl\/de\/wp-json\/wp\/v2\/pages\/663\/revisions"}],"up":[{"embeddable":true,"href":"https:\/\/mediqpol.pl\/de\/wp-json\/wp\/v2\/pages\/705"}],"wp:attachment":[{"href":"https:\/\/mediqpol.pl\/de\/wp-json\/wp\/v2\/media?parent=663"}],"curies":[{"name":"wp","href":"https:\/\/api.w.org\/{rel}","templated":true}]}}