{"id":668,"date":"2022-08-19T15:22:30","date_gmt":"2022-08-19T13:22:30","guid":{"rendered":"https:\/\/mediqpol.pl\/zabiegi\/"},"modified":"2025-05-21T11:13:50","modified_gmt":"2025-05-21T09:13:50","slug":"zabiegi","status":"publish","type":"page","link":"https:\/\/mediqpol.pl\/de\/wszystkie-uslugi\/zabiegi\/","title":{"rendered":"Zabiegi"},"content":{"rendered":"\n<h2 class=\"wp-block-heading\">Gwarantujemy profesjonalnie przeprowadzone zabiegi i kompleksow\u0105 opiek\u0119!<\/h2>\n\n\n\n<p>Przejd\u017a do <a href=\"https:\/\/mediqpol.pl\/de\/cennik\/\">cennika<\/a>, by zobaczy\u0107 szczeg\u00f3\u0142owy zakres oferowanych przez nas zabieg\u00f3w (Katowice prywatnie)<span style=\"color: #ffffff;\">\u00a0<a class=\"wp-block-button__link has-background\" style=\"background-color: #54549c; color: #ffffff;\" href=\"https:\/\/mediqpol.pl\/de\/cennik\/\">Cennik<\/a><\/span><\/p>\n\n\n\n<p><\/p>\n","protected":false},"excerpt":{"rendered":"<p>Gwarantujemy profesjonalnie przeprowadzone zabiegi i kompleksow\u0105 opiek\u0119! Przejd\u017a do cennika, by zobaczy\u0107 szczeg\u00f3\u0142owy zakres oferowanych przez nas zabieg\u00f3w (Katowice prywatnie)\u00a0Cennik<\/p>\n","protected":false},"author":1,"featured_media":0,"parent":705,"menu_order":0,"comment_status":"closed","ping_status":"closed","template":"template-services-zabiegi.php","meta":{"_acf_changed":false,"inline_featured_image":false,"footnotes":""},"class_list":["post-668","page","type-page","status-publish","hentry"],"acf":[],"yoast_head":"<!-- This site is optimized with the Yoast SEO plugin v27.4 - https:\/\/yoast.com\/product\/yoast-seo-wordpress\/ -->\n<title>Zabiegi - Mediqpol<\/title>\n<meta name=\"description\" content=\"W gabinecie w Katowicach zabiegi wykonywane s\u0105 bez skierowania, a terminy oczekiwania ? s\u0105 kr\u00f3tkie\" \/>\n<meta name=\"robots\" content=\"index, follow, max-snippet:-1, max-image-preview:large, max-video-preview:-1\" \/>\n<link rel=\"canonical\" href=\"https:\/\/mediqpol.pl\/de\/wszystkie-uslugi\/zabiegi\/\" \/>\n<meta property=\"og:locale\" content=\"de_DE\" \/>\n<meta property=\"og:type\" content=\"article\" \/>\n<meta property=\"og:title\" content=\"Zabiegi - Mediqpol\" \/>\n<meta property=\"og:description\" content=\"W gabinecie w Katowicach zabiegi wykonywane s\u0105 bez skierowania, a terminy oczekiwania ? s\u0105 kr\u00f3tkie\" \/>\n<meta property=\"og:url\" content=\"https:\/\/mediqpol.pl\/de\/wszystkie-uslugi\/zabiegi\/\" \/>\n<meta property=\"og:site_name\" content=\"Mediqpol\" \/>\n<meta property=\"article:modified_time\" content=\"2025-05-21T09:13:50+00:00\" \/>\n<meta name=\"twitter:card\" content=\"summary_large_image\" \/>\n<meta name=\"twitter:label1\" content=\"Gesch\u00e4tzte Lesezeit\" \/>\n\t<meta name=\"twitter:data1\" content=\"1\u00a0Minute\" \/>\n<!-- \/ Yoast SEO plugin. -->","yoast_head_json":{"title":"Zabiegi - Mediqpol","description":"W gabinecie w Katowicach zabiegi wykonywane s\u0105 bez skierowania, a terminy oczekiwania ? s\u0105 kr\u00f3tkie","robots":{"index":"index","follow":"follow","max-snippet":"max-snippet:-1","max-image-preview":"max-image-preview:large","max-video-preview":"max-video-preview:-1"},"canonical":"https:\/\/mediqpol.pl\/de\/wszystkie-uslugi\/zabiegi\/","og_locale":"de_DE","og_type":"article","og_title":"Zabiegi - Mediqpol","og_description":"W gabinecie w Katowicach zabiegi wykonywane s\u0105 bez skierowania, a terminy oczekiwania ? s\u0105 kr\u00f3tkie","og_url":"https:\/\/mediqpol.pl\/de\/wszystkie-uslugi\/zabiegi\/","og_site_name":"Mediqpol","article_modified_time":"2025-05-21T09:13:50+00:00","twitter_card":"summary_large_image","twitter_misc":{"Gesch\u00e4tzte Lesezeit":"1\u00a0Minute"},"schema":{"@context":"https:\/\/schema.org","@graph":[{"@type":"WebPage","@id":"https:\/\/mediqpol.pl\/de\/wszystkie-uslugi\/zabiegi\/","url":"https:\/\/mediqpol.pl\/de\/wszystkie-uslugi\/zabiegi\/","name":"Zabiegi - Mediqpol","isPartOf":{"@id":"https:\/\/mediqpol.pl\/#website"},"datePublished":"2022-08-19T13:22:30+00:00","dateModified":"2025-05-21T09:13:50+00:00","description":"W gabinecie w Katowicach zabiegi wykonywane s\u0105 bez skierowania, a terminy oczekiwania ? s\u0105 kr\u00f3tkie","breadcrumb":{"@id":"https:\/\/mediqpol.pl\/de\/wszystkie-uslugi\/zabiegi\/#breadcrumb"},"inLanguage":"de","potentialAction":[{"@type":"ReadAction","target":["https:\/\/mediqpol.pl\/de\/wszystkie-uslugi\/zabiegi\/"]}]},{"@type":"BreadcrumbList","@id":"https:\/\/mediqpol.pl\/de\/wszystkie-uslugi\/zabiegi\/#breadcrumb","itemListElement":[{"@type":"ListItem","position":1,"name":"Strona g\u0142\u00f3wna","item":"https:\/\/mediqpol.pl\/de\/"},{"@type":"ListItem","position":2,"name":"Us\u0142ugi","item":"https:\/\/mediqpol.pl\/de\/wszystkie-uslugi\/"},{"@type":"ListItem","position":3,"name":"Zabiegi"}]},{"@type":"WebSite","@id":"https:\/\/mediqpol.pl\/#website","url":"https:\/\/mediqpol.pl\/","name":"Mediqpol","description":"\u00c4rztezentrum\n","publisher":{"@id":"https:\/\/mediqpol.pl\/#organization"},"potentialAction":[{"@type":"SearchAction","target":{"@type":"EntryPoint","urlTemplate":"https:\/\/mediqpol.pl\/?s={search_term_string}"},"query-input":{"@type":"PropertyValueSpecification","valueRequired":true,"valueName":"search_term_string"}}],"inLanguage":"de"},{"@type":"Organization","@id":"https:\/\/mediqpol.pl\/#organization","name":"Mediqpol","url":"https:\/\/mediqpol.pl\/","logo":{"@type":"ImageObject","inLanguage":"de","@id":"https:\/\/mediqpol.pl\/#\/schema\/logo\/image\/","url":"https:\/\/mediqpol.pl\/wp-content\/uploads\/2022\/09\/Mediqpol-logo-rozszerzone.png","contentUrl":"https:\/\/mediqpol.pl\/wp-content\/uploads\/2022\/09\/Mediqpol-logo-rozszerzone.png","width":1920,"height":1358,"caption":"Mediqpol"},"image":{"@id":"https:\/\/mediqpol.pl\/#\/schema\/logo\/image\/"}}]}},"_links":{"self":[{"href":"https:\/\/mediqpol.pl\/de\/wp-json\/wp\/v2\/pages\/668","targetHints":{"allow":["GET"]}}],"collection":[{"href":"https:\/\/mediqpol.pl\/de\/wp-json\/wp\/v2\/pages"}],"about":[{"href":"https:\/\/mediqpol.pl\/de\/wp-json\/wp\/v2\/types\/page"}],"author":[{"embeddable":true,"href":"https:\/\/mediqpol.pl\/de\/wp-json\/wp\/v2\/users\/1"}],"replies":[{"embeddable":true,"href":"https:\/\/mediqpol.pl\/de\/wp-json\/wp\/v2\/comments?post=668"}],"version-history":[{"count":0,"href":"https:\/\/mediqpol.pl\/de\/wp-json\/wp\/v2\/pages\/668\/revisions"}],"up":[{"embeddable":true,"href":"https:\/\/mediqpol.pl\/de\/wp-json\/wp\/v2\/pages\/705"}],"wp:attachment":[{"href":"https:\/\/mediqpol.pl\/de\/wp-json\/wp\/v2\/media?parent=668"}],"curies":[{"name":"wp","href":"https:\/\/api.w.org\/{rel}","templated":true}]}}