{"id":678,"date":"2022-08-19T09:43:17","date_gmt":"2022-08-19T07:43:17","guid":{"rendered":"https:\/\/mediqpol.pl\/konsultacje\/"},"modified":"2025-05-21T11:09:47","modified_gmt":"2025-05-21T09:09:47","slug":"konsultacje","status":"publish","type":"page","link":"https:\/\/mediqpol.pl\/de\/wszystkie-uslugi\/konsultacje\/","title":{"rendered":"Konsultacje"},"content":{"rendered":"<h2>Jeste\u015bmy dost\u0119pni wtedy, kiedy tego potrzebujesz!<\/h2>\n<p>Przejd\u017a do <a href=\"https:\/\/mediqpol.pl\/de\/cennik\/\">cennika<\/a>, by zobaczy\u0107 szczeg\u00f3\u0142owy zakres oferowanych przez nas konsultacji (Katowice prywatnie)<span style=\"color: #ffffff;\">&nbsp;<a class=\"wp-block-button__link has-background\" style=\"background-color: #54549c; color: #ffffff;\" href=\"https:\/\/mediqpol.pl\/de\/cennik\/\">Cennik<\/a><\/span><\/p>\n<p>Jak si\u0119 leczy\u0107? Wystarczy, \u017ce do nas zadzwonisz lub um\u00f3wisz si\u0119 na pierwsz\u0105 wizyt\u0119. Ka\u017cdy pacjent ma indywidualnie dopasowany plan leczenia, kt\u00f3ry pozwala uzyska\u0107 najlepszy efekt w jak najkr\u00f3tszym czasie. Dalsze etapy terapii ustalimy wsp\u00f3lnie, wybieraj\u0105c najlepszy dla Ciebie wariant leczenia.<\/p>\n","protected":false},"excerpt":{"rendered":"<p>Jeste\u015bmy dost\u0119pni wtedy, kiedy tego potrzebujesz! Przejd\u017a do cennika, by zobaczy\u0107 szczeg\u00f3\u0142owy zakres oferowanych przez nas konsultacji (Katowice prywatnie)&nbsp;Cennik Jak si\u0119 leczy\u0107? Wystarczy, \u017ce do nas zadzwonisz lub um\u00f3wisz si\u0119 na pierwsz\u0105 wizyt\u0119. Ka\u017cdy pacjent ma indywidualnie dopasowany plan leczenia, kt\u00f3ry pozwala uzyska\u0107 najlepszy efekt w jak najkr\u00f3tszym czasie. Dalsze etapy terapii ustalimy wsp\u00f3lnie, wybieraj\u0105c [&hellip;]<\/p>\n","protected":false},"author":1,"featured_media":0,"parent":705,"menu_order":0,"comment_status":"closed","ping_status":"closed","template":"template-services-consult.php","meta":{"_acf_changed":false,"inline_featured_image":false,"footnotes":""},"class_list":["post-678","page","type-page","status-publish","hentry"],"acf":[],"yoast_head":"<!-- This site is optimized with the Yoast SEO plugin v27.4 - https:\/\/yoast.com\/product\/yoast-seo-wordpress\/ -->\n<title>Konsultacje - Mediqpol<\/title>\n<meta name=\"description\" content=\"Na konsultacje zapraszamy bez skierowania, a terminy oczekiwania ? s\u0105 kr\u00f3tkie\" \/>\n<meta name=\"robots\" content=\"index, follow, max-snippet:-1, max-image-preview:large, max-video-preview:-1\" \/>\n<link rel=\"canonical\" href=\"https:\/\/mediqpol.pl\/de\/wszystkie-uslugi\/konsultacje\/\" \/>\n<meta property=\"og:locale\" content=\"de_DE\" \/>\n<meta property=\"og:type\" content=\"article\" \/>\n<meta property=\"og:title\" content=\"Konsultacje - Mediqpol\" \/>\n<meta property=\"og:description\" content=\"Na konsultacje zapraszamy bez skierowania, a terminy oczekiwania ? s\u0105 kr\u00f3tkie\" \/>\n<meta property=\"og:url\" content=\"https:\/\/mediqpol.pl\/de\/wszystkie-uslugi\/konsultacje\/\" \/>\n<meta property=\"og:site_name\" content=\"Mediqpol\" \/>\n<meta property=\"article:modified_time\" content=\"2025-05-21T09:09:47+00:00\" \/>\n<meta name=\"twitter:card\" content=\"summary_large_image\" \/>\n<meta name=\"twitter:label1\" content=\"Gesch\u00e4tzte Lesezeit\" \/>\n\t<meta name=\"twitter:data1\" content=\"1\u00a0Minute\" \/>\n<!-- \/ Yoast SEO plugin. -->","yoast_head_json":{"title":"Konsultacje - Mediqpol","description":"Na konsultacje zapraszamy bez skierowania, a terminy oczekiwania ? s\u0105 kr\u00f3tkie","robots":{"index":"index","follow":"follow","max-snippet":"max-snippet:-1","max-image-preview":"max-image-preview:large","max-video-preview":"max-video-preview:-1"},"canonical":"https:\/\/mediqpol.pl\/de\/wszystkie-uslugi\/konsultacje\/","og_locale":"de_DE","og_type":"article","og_title":"Konsultacje - Mediqpol","og_description":"Na konsultacje zapraszamy bez skierowania, a terminy oczekiwania ? s\u0105 kr\u00f3tkie","og_url":"https:\/\/mediqpol.pl\/de\/wszystkie-uslugi\/konsultacje\/","og_site_name":"Mediqpol","article_modified_time":"2025-05-21T09:09:47+00:00","twitter_card":"summary_large_image","twitter_misc":{"Gesch\u00e4tzte Lesezeit":"1\u00a0Minute"},"schema":{"@context":"https:\/\/schema.org","@graph":[{"@type":"WebPage","@id":"https:\/\/mediqpol.pl\/de\/wszystkie-uslugi\/konsultacje\/","url":"https:\/\/mediqpol.pl\/de\/wszystkie-uslugi\/konsultacje\/","name":"Konsultacje - Mediqpol","isPartOf":{"@id":"https:\/\/mediqpol.pl\/#website"},"datePublished":"2022-08-19T07:43:17+00:00","dateModified":"2025-05-21T09:09:47+00:00","description":"Na konsultacje zapraszamy bez skierowania, a terminy oczekiwania ? s\u0105 kr\u00f3tkie","breadcrumb":{"@id":"https:\/\/mediqpol.pl\/de\/wszystkie-uslugi\/konsultacje\/#breadcrumb"},"inLanguage":"de","potentialAction":[{"@type":"ReadAction","target":["https:\/\/mediqpol.pl\/de\/wszystkie-uslugi\/konsultacje\/"]}]},{"@type":"BreadcrumbList","@id":"https:\/\/mediqpol.pl\/de\/wszystkie-uslugi\/konsultacje\/#breadcrumb","itemListElement":[{"@type":"ListItem","position":1,"name":"Strona g\u0142\u00f3wna","item":"https:\/\/mediqpol.pl\/de\/"},{"@type":"ListItem","position":2,"name":"Us\u0142ugi","item":"https:\/\/mediqpol.pl\/de\/wszystkie-uslugi\/"},{"@type":"ListItem","position":3,"name":"Konsultacje"}]},{"@type":"WebSite","@id":"https:\/\/mediqpol.pl\/#website","url":"https:\/\/mediqpol.pl\/","name":"Mediqpol","description":"\u00c4rztezentrum\n","publisher":{"@id":"https:\/\/mediqpol.pl\/#organization"},"potentialAction":[{"@type":"SearchAction","target":{"@type":"EntryPoint","urlTemplate":"https:\/\/mediqpol.pl\/?s={search_term_string}"},"query-input":{"@type":"PropertyValueSpecification","valueRequired":true,"valueName":"search_term_string"}}],"inLanguage":"de"},{"@type":"Organization","@id":"https:\/\/mediqpol.pl\/#organization","name":"Mediqpol","url":"https:\/\/mediqpol.pl\/","logo":{"@type":"ImageObject","inLanguage":"de","@id":"https:\/\/mediqpol.pl\/#\/schema\/logo\/image\/","url":"https:\/\/mediqpol.pl\/wp-content\/uploads\/2022\/09\/Mediqpol-logo-rozszerzone.png","contentUrl":"https:\/\/mediqpol.pl\/wp-content\/uploads\/2022\/09\/Mediqpol-logo-rozszerzone.png","width":1920,"height":1358,"caption":"Mediqpol"},"image":{"@id":"https:\/\/mediqpol.pl\/#\/schema\/logo\/image\/"}}]}},"_links":{"self":[{"href":"https:\/\/mediqpol.pl\/de\/wp-json\/wp\/v2\/pages\/678","targetHints":{"allow":["GET"]}}],"collection":[{"href":"https:\/\/mediqpol.pl\/de\/wp-json\/wp\/v2\/pages"}],"about":[{"href":"https:\/\/mediqpol.pl\/de\/wp-json\/wp\/v2\/types\/page"}],"author":[{"embeddable":true,"href":"https:\/\/mediqpol.pl\/de\/wp-json\/wp\/v2\/users\/1"}],"replies":[{"embeddable":true,"href":"https:\/\/mediqpol.pl\/de\/wp-json\/wp\/v2\/comments?post=678"}],"version-history":[{"count":0,"href":"https:\/\/mediqpol.pl\/de\/wp-json\/wp\/v2\/pages\/678\/revisions"}],"up":[{"embeddable":true,"href":"https:\/\/mediqpol.pl\/de\/wp-json\/wp\/v2\/pages\/705"}],"wp:attachment":[{"href":"https:\/\/mediqpol.pl\/de\/wp-json\/wp\/v2\/media?parent=678"}],"curies":[{"name":"wp","href":"https:\/\/api.w.org\/{rel}","templated":true}]}}