{"id":698,"date":"2022-08-10T13:10:51","date_gmt":"2022-08-10T11:10:51","guid":{"rendered":"https:\/\/mediqpol.pl\/labolatorium\/"},"modified":"2026-02-06T14:25:21","modified_gmt":"2026-02-06T13:25:21","slug":"laboratorium-katowice","status":"publish","type":"page","link":"https:\/\/mediqpol.pl\/de\/laboratorium-katowice\/","title":{"rendered":"Laboratorium"},"content":{"rendered":"\n<p>W ramach dzia\u0142ania laboratorium w Katowicach oferujemy kompleksowe badania laboratoryjne, b\u0119d\u0105ce <b>\u015bwietn\u0105 profilaktyk\u0105 leczenia wielu chor\u00f3b<\/b>, w\u015br\u00f3d kt\u00f3rych znajduj\u0105 si\u0119:<\/p>\n\n\n\n<div class=\"wp-block-columns is-layout-flex wp-container-core-columns-is-layout-9d6595d7 wp-block-columns-is-layout-flex\">\n<div class=\"wp-block-column is-layout-flow wp-block-column-is-layout-flow\">\n<ul id=\"block-0870d576-8be7-4fc7-b4d7-25fa2345e070\" class=\"wp-block-list\">\n<li>hematologia,<\/li>\n\n\n\n<li>biochemia kliniczna,<\/li>\n\n\n\n<li>koagulologia (krzepniecie),<\/li>\n\n\n\n<li>badanie ka\u0142u,<\/li>\n\n\n\n<li>badanie moczu,<\/li>\n\n\n\n<li>badania krwi (serologia grup krwi),<\/li>\n<\/ul>\n<\/div>\n\n\n\n<div class=\"wp-block-column is-layout-flow wp-block-column-is-layout-flow\">\n<ul id=\"block-0870d576-8be7-4fc7-b4d7-25fa2345e070\" class=\"wp-block-list\">\n<li>hormony,<\/li>\n\n\n\n<li>markery nowotworowe (onkologiczne),<\/li>\n\n\n\n<li>diagnostyka infekcji wirusowych, bakteryjnych i paso\u017cytniczych (immunologiczna),<\/li>\n\n\n\n<li>toksykologia (metale ci\u0119\u017ckie, leki i narkotyki),<\/li>\n<\/ul>\n<\/div>\n\n\n\n<div class=\"wp-block-column is-layout-flow wp-block-column-is-layout-flow\">\n<ul id=\"block-0870d576-8be7-4fc7-b4d7-25fa2345e070\" class=\"wp-block-list\">\n<li>alergologia,<\/li>\n\n\n\n<li>autoimmunodiagnostyka,<\/li>\n\n\n\n<li>mikrobiologia,<\/li>\n\n\n\n<li>badania genetyczne,<\/li>\n\n\n\n<li>dietetyka.<\/li>\n<\/ul>\n<\/div>\n<\/div>\n\n\n\n<p><span style=\"color: #000080;\"><strong>Wysy\u0142ka wynik\u00f3w online na adres e-mail, cz\u0119sto jeszcze tego samego dnia<\/strong><\/span><\/p>\n\n\n\n<p>Zapraszamy r\u00f3wnie\u017c do skorzystania z <strong>pakiet\u00f3w bada\u0144<\/strong>, kt\u00f3re kompleksowo sprawdz\u0105 stan zdrowia. Dost\u0119pne pakiety to wynik konsultacji ze specjalistami, zapewniaj\u0105ce bezpiecze\u0144stwo i korzystn\u0105 cen\u0119.<\/p>\n\n\n\n<p><a href=\"https:\/\/mediqpol.pl\/de\/pacjent\/przygotowanie-do-badania-katowice\/\">Sprawd\u017a, jak przygotowa\u0107 si\u0119 do bada\u0144 laboratoryjnych<\/a><\/p>\n","protected":false},"excerpt":{"rendered":"<p>W ramach dzia\u0142ania laboratorium w Katowicach oferujemy kompleksowe badania laboratoryjne, b\u0119d\u0105ce \u015bwietn\u0105 profilaktyk\u0105 leczenia wielu chor\u00f3b, w\u015br\u00f3d kt\u00f3rych znajduj\u0105 si\u0119: Wysy\u0142ka wynik\u00f3w online na adres e-mail, cz\u0119sto jeszcze tego samego dnia Zapraszamy r\u00f3wnie\u017c do skorzystania z pakiet\u00f3w bada\u0144, kt\u00f3re kompleksowo sprawdz\u0105 stan zdrowia. Dost\u0119pne pakiety to wynik konsultacji ze specjalistami, zapewniaj\u0105ce bezpiecze\u0144stwo i korzystn\u0105 cen\u0119. [&hellip;]<\/p>\n","protected":false},"author":1,"featured_media":0,"parent":0,"menu_order":0,"comment_status":"closed","ping_status":"closed","template":"template-examlist.php","meta":{"_acf_changed":false,"inline_featured_image":false,"footnotes":""},"class_list":["post-698","page","type-page","status-publish","hentry"],"acf":[],"yoast_head":"<!-- This site is optimized with the Yoast SEO plugin v27.4 - https:\/\/yoast.com\/product\/yoast-seo-wordpress\/ -->\n<title>Laboratorium Katowice - badanie krwi w Mediqpol Katowice<\/title>\n<meta name=\"description\" content=\"Laboratorium, punkt pobra\u0144, wszystkie rodzaje bada\u0144 - dogodne godziny (do 17.30). Sprawd\u017a. Badania tak\u017ce z dojazdem do domu!\" \/>\n<meta name=\"robots\" content=\"index, follow, max-snippet:-1, max-image-preview:large, max-video-preview:-1\" \/>\n<link rel=\"canonical\" href=\"https:\/\/mediqpol.pl\/de\/laboratorium-katowice\/\" \/>\n<meta property=\"og:locale\" content=\"de_DE\" \/>\n<meta property=\"og:type\" content=\"article\" \/>\n<meta property=\"og:title\" content=\"Laboratorium Katowice - badanie krwi w Mediqpol Katowice\" \/>\n<meta property=\"og:description\" content=\"Laboratorium, punkt pobra\u0144, wszystkie rodzaje bada\u0144 - dogodne godziny (do 17.30). Sprawd\u017a. Badania tak\u017ce z dojazdem do domu!\" \/>\n<meta property=\"og:url\" content=\"https:\/\/mediqpol.pl\/de\/laboratorium-katowice\/\" \/>\n<meta property=\"og:site_name\" content=\"Mediqpol\" \/>\n<meta property=\"article:modified_time\" content=\"2026-02-06T13:25:21+00:00\" \/>\n<meta name=\"twitter:card\" content=\"summary_large_image\" \/>\n<meta name=\"twitter:label1\" content=\"Gesch\u00e4tzte Lesezeit\" \/>\n\t<meta name=\"twitter:data1\" content=\"1\u00a0Minute\" \/>\n<!-- \/ Yoast SEO plugin. -->","yoast_head_json":{"title":"Laboratorium Katowice - badanie krwi w Mediqpol Katowice","description":"Laboratorium, punkt pobra\u0144, wszystkie rodzaje bada\u0144 - dogodne godziny (do 17.30). Sprawd\u017a. Badania tak\u017ce z dojazdem do domu!","robots":{"index":"index","follow":"follow","max-snippet":"max-snippet:-1","max-image-preview":"max-image-preview:large","max-video-preview":"max-video-preview:-1"},"canonical":"https:\/\/mediqpol.pl\/de\/laboratorium-katowice\/","og_locale":"de_DE","og_type":"article","og_title":"Laboratorium Katowice - badanie krwi w Mediqpol Katowice","og_description":"Laboratorium, punkt pobra\u0144, wszystkie rodzaje bada\u0144 - dogodne godziny (do 17.30). Sprawd\u017a. Badania tak\u017ce z dojazdem do domu!","og_url":"https:\/\/mediqpol.pl\/de\/laboratorium-katowice\/","og_site_name":"Mediqpol","article_modified_time":"2026-02-06T13:25:21+00:00","twitter_card":"summary_large_image","twitter_misc":{"Gesch\u00e4tzte Lesezeit":"1\u00a0Minute"},"schema":{"@context":"https:\/\/schema.org","@graph":[{"@type":"WebPage","@id":"https:\/\/mediqpol.pl\/de\/laboratorium-katowice\/","url":"https:\/\/mediqpol.pl\/de\/laboratorium-katowice\/","name":"Laboratorium Katowice - badanie krwi w Mediqpol Katowice","isPartOf":{"@id":"https:\/\/mediqpol.pl\/#website"},"datePublished":"2022-08-10T11:10:51+00:00","dateModified":"2026-02-06T13:25:21+00:00","description":"Laboratorium, punkt pobra\u0144, wszystkie rodzaje bada\u0144 - dogodne godziny (do 17.30). Sprawd\u017a. Badania tak\u017ce z dojazdem do domu!","breadcrumb":{"@id":"https:\/\/mediqpol.pl\/de\/laboratorium-katowice\/#breadcrumb"},"inLanguage":"de","potentialAction":[{"@type":"ReadAction","target":["https:\/\/mediqpol.pl\/de\/laboratorium-katowice\/"]}]},{"@type":"BreadcrumbList","@id":"https:\/\/mediqpol.pl\/de\/laboratorium-katowice\/#breadcrumb","itemListElement":[{"@type":"ListItem","position":1,"name":"Strona g\u0142\u00f3wna","item":"https:\/\/mediqpol.pl\/de\/"},{"@type":"ListItem","position":2,"name":"Laboratorium"}]},{"@type":"WebSite","@id":"https:\/\/mediqpol.pl\/#website","url":"https:\/\/mediqpol.pl\/","name":"Mediqpol","description":"\u00c4rztezentrum\n","publisher":{"@id":"https:\/\/mediqpol.pl\/#organization"},"potentialAction":[{"@type":"SearchAction","target":{"@type":"EntryPoint","urlTemplate":"https:\/\/mediqpol.pl\/?s={search_term_string}"},"query-input":{"@type":"PropertyValueSpecification","valueRequired":true,"valueName":"search_term_string"}}],"inLanguage":"de"},{"@type":"Organization","@id":"https:\/\/mediqpol.pl\/#organization","name":"Mediqpol","url":"https:\/\/mediqpol.pl\/","logo":{"@type":"ImageObject","inLanguage":"de","@id":"https:\/\/mediqpol.pl\/#\/schema\/logo\/image\/","url":"https:\/\/mediqpol.pl\/wp-content\/uploads\/2022\/09\/Mediqpol-logo-rozszerzone.png","contentUrl":"https:\/\/mediqpol.pl\/wp-content\/uploads\/2022\/09\/Mediqpol-logo-rozszerzone.png","width":1920,"height":1358,"caption":"Mediqpol"},"image":{"@id":"https:\/\/mediqpol.pl\/#\/schema\/logo\/image\/"}}]}},"_links":{"self":[{"href":"https:\/\/mediqpol.pl\/de\/wp-json\/wp\/v2\/pages\/698","targetHints":{"allow":["GET"]}}],"collection":[{"href":"https:\/\/mediqpol.pl\/de\/wp-json\/wp\/v2\/pages"}],"about":[{"href":"https:\/\/mediqpol.pl\/de\/wp-json\/wp\/v2\/types\/page"}],"author":[{"embeddable":true,"href":"https:\/\/mediqpol.pl\/de\/wp-json\/wp\/v2\/users\/1"}],"replies":[{"embeddable":true,"href":"https:\/\/mediqpol.pl\/de\/wp-json\/wp\/v2\/comments?post=698"}],"version-history":[{"count":0,"href":"https:\/\/mediqpol.pl\/de\/wp-json\/wp\/v2\/pages\/698\/revisions"}],"wp:attachment":[{"href":"https:\/\/mediqpol.pl\/de\/wp-json\/wp\/v2\/media?parent=698"}],"curies":[{"name":"wp","href":"https:\/\/api.w.org\/{rel}","templated":true}]}}